{"id":580,"date":"2022-10-04T16:05:27","date_gmt":"2022-10-04T14:05:27","guid":{"rendered":"https:\/\/yourworld-xp.com\/?page_id=580"},"modified":"2022-10-04T16:18:44","modified_gmt":"2022-10-04T14:18:44","slug":"nos-offres","status":"publish","type":"page","link":"https:\/\/yourworld-xp.com\/en\/nos-offres\/","title":{"rendered":"Nos offres"},"content":{"rendered":"<p><div class=\"fusion-fullwidth fullwidth-box fusion-builder-row-1 fusion-flex-container has-pattern-background has-mask-background nonhundred-percent-fullwidth non-hundred-percent-height-scrolling\" style=\"--awb-background-position:right bottom;--awb-border-radius-top-left:0px;--awb-border-radius-top-right:0px;--awb-border-radius-bottom-right:0px;--awb-border-radius-bottom-left:0px;--awb-padding-top:3%;--awb-padding-right:0px;--awb-padding-bottom:3%;--awb-padding-right-small:0px;--awb-padding-left-small:0px;--awb-background-color:#00112d;--awb-flex-wrap:wrap;\" ><div class=\"fusion-builder-row fusion-row fusion-flex-align-items-center fusion-flex-justify-content-center fusion-flex-content-wrap\" style=\"max-width:1331.2px;margin-left: calc(-4% \/ 2 );margin-right: calc(-4% \/ 2 );\"><div class=\"fusion-layout-column fusion_builder_column fusion-builder-column-0 fusion_builder_column_1_2 1_2 fusion-flex-column fusion-flex-align-self-center\" style=\"--awb-padding-bottom:0px;--awb-padding-right-small:10%;--awb-padding-left-small:10%;--awb-bg-size:cover;--awb-width-large:50%;--awb-margin-top-large:4%;--awb-spacing-right-large:0px;--awb-margin-bottom-large:4%;--awb-spacing-left-large:3.84%;--awb-width-medium:50%;--awb-order-medium:0;--awb-spacing-right-medium:0px;--awb-spacing-left-medium:3.84%;--awb-width-small:100%;--awb-order-small:0;--awb-spacing-right-small:0px;--awb-spacing-left-small:0px;\"><div class=\"fusion-column-wrapper fusion-column-has-shadow fusion-flex-justify-content-center fusion-content-layout-column\"><div class=\"fusion-title title fusion-title-1 fusion-sep-none fusion-title-center fusion-title-text fusion-title-size-three\" style=\"--awb-text-color:#ffffff;--awb-margin-top-small:10px;--awb-margin-right-small:0px;--awb-margin-bottom-small:10px;--awb-margin-left-small:0px;\"><h3 class=\"fusion-title-heading title-heading-center\" style=\"margin:0;\">Work for YourWorld<\/h3><\/div><div class=\"fusion-separator fusion-full-width-sep\" style=\"align-self: center;margin-left: auto;margin-right: auto;margin-top:3%;width:100%;\"><\/div><div class=\"fusion-text fusion-text-1\" style=\"--awb-content-alignment:center;--awb-font-size:20px;\"><p><span style=\"font-weight: 400;\">At YourWorld, we are more than a company: we\u2019re a strong-knit family that explores unknown universes! Join us so we can show the world a wonder it has yet to discover: you!<\/span><\/p>\n<p><span style=\"font-weight: 400;\">Job offers below:<\/span><\/p>\n<\/div><div class=\"fusion-separator fusion-full-width-sep\" style=\"align-self: center;margin-left: auto;margin-right: auto;margin-top:5%;margin-bottom:7%;width:100%;\"><div class=\"fusion-separator-border sep-double\" style=\"--awb-height:20px;--awb-amount:20px;--awb-sep-color:#04c9e8;border-color:#04c9e8;border-top-width:1px;border-bottom-width:1px;\"><\/div><\/div><div class=\"fusion-text fusion-text-2\" style=\"--awb-content-alignment:center;--awb-font-size:16px;\"><p><i><span style=\"font-weight: 400;\">There are currently no job offers.\u00a0<\/span><\/i><\/p>\n<p><br style=\"font-weight: 400;\" \/><br style=\"font-weight: 400;\" \/><\/p>\n<\/div><div class=\"fusion-text fusion-text-3\" style=\"--awb-content-alignment:center;--awb-font-size:16px;\"><p><span style=\"font-weight: 400;\">If you think you would be a perfect fit for our company, send us your resume and application form via our contact email : admin@yourworld-xp.com<\/span><\/p>\n<p><br style=\"font-weight: 400;\" \/><br style=\"font-weight: 400;\" \/><\/p>\n<\/div><\/div><\/div><\/div><\/div><div class=\"fusion-fullwidth fullwidth-box fusion-builder-row-2 fusion-flex-container has-pattern-background has-mask-background nonhundred-percent-fullwidth non-hundred-percent-height-scrolling fusion-no-medium-visibility fusion-no-large-visibility\" style=\"--awb-border-radius-top-left:0px;--awb-border-radius-top-right:0px;--awb-border-radius-bottom-right:0px;--awb-border-radius-bottom-left:0px;--awb-background-color:#00080f;--awb-flex-wrap:wrap;\" ><div class=\"fusion-builder-row fusion-row fusion-flex-align-items-flex-start fusion-flex-justify-content-center fusion-flex-content-wrap\" style=\"max-width:1331.2px;margin-left: calc(-4% \/ 2 );margin-right: calc(-4% \/ 2 );\"><div class=\"fusion-layout-column fusion_builder_column fusion-builder-column-1 fusion_builder_column_2_5 2_5 fusion-flex-column fusion-flex-align-self-stretch\" style=\"--awb-padding-left:20%;--awb-padding-left-small:0px;--awb-bg-size:cover;--awb-width-large:40%;--awb-margin-top-large:0px;--awb-spacing-right-large:4.8%;--awb-margin-bottom-large:0px;--awb-spacing-left-large:4.8%;--awb-width-medium:50%;--awb-order-medium:0;--awb-spacing-right-medium:3.84%;--awb-spacing-left-medium:3.84%;--awb-width-small:75%;--awb-order-small:1;--awb-spacing-right-small:2.56%;--awb-margin-bottom-small:5%;--awb-spacing-left-small:2.56%;\"><div class=\"fusion-column-wrapper fusion-column-has-shadow fusion-flex-justify-content-space-evenly fusion-content-layout-column\"><div class=\"fusion-text fusion-text-4 fusion-text-no-margin\" style=\"--awb-margin-top:10%;--awb-margin-bottom:0px;\"><p><strong style=\"color: #52baea;\"><span style=\"line-height: 22.6px; font-family: Mulish; font-weight: bold;\" data-fusion-font=\"true\" data-fusion-google-font=\"Mulish\" data-fusion-google-variant=\"700\">AT THE BEGINNING<br \/>\n<\/span><\/strong><span style=\"color: var(--body_typography-color); font-family: var(--body_typography-font-family); font-size: var(--body_typography-font-size); font-style: var(--body_typography-font-style,normal); letter-spacing: var(--body_typography-letter-spacing);\">Our first project, Romeo &amp; Juliet, was born in 2017. It was met with immediate success and YourWorld soon made its name on the events planning market.<\/span><\/p>\n<\/div><div class=\"fusion-text fusion-text-5 sm-text-align-left fusion-text-no-margin\" style=\"--awb-content-alignment:right;--awb-margin-top:0px;--awb-margin-bottom:0px;\"><p><strong style=\"color: #52baea;\"><span style=\"line-height: 22.6px; font-family: Mulish; font-weight: bold;\" data-fusion-font=\"true\" data-fusion-google-font=\"Mulish\" data-fusion-google-variant=\"700\">FIRST FACILITIES<\/span><\/strong><br \/>\nEn 2018, la soci\u00e9t\u00e9 inaugure son premier complexe\u00a0ind\u00e9pendant, attenant au si\u00e8ge nouvellement b\u00e2ti.\u00a0Petit bijou de technologie, il est \u00e9tudi\u00e9 par les futurs\u00a0architectes et ing\u00e9nieurs du monde entier.<\/p>\n<\/div><div class=\"fusion-text fusion-text-6 fusion-text-no-margin\" style=\"--awb-margin-top:0px;--awb-margin-bottom:0px;\"><p><strong style=\"color: #52baea;\"><span style=\"line-height: 22.6px; font-family: Mulish; font-weight: bold;\" data-fusion-font=\"true\" data-fusion-google-font=\"Mulish\" data-fusion-google-variant=\"700\">IN THE PRESS<\/span><\/strong><br \/>\nEn 2019, YourWorld se lance dans la conception\u00a0d\u2019un deuxi\u00e8me complexe autour du th\u00e8me de la Libert\u00e9. La presse, unanime, salue l\u2019audace du projet.<\/p>\n<\/div><div class=\"fusion-text fusion-text-7 sm-text-align-left\" style=\"--awb-content-alignment:right;\"><p><strong style=\"color: #52baea;\"><span style=\"line-height: 22.6px; font-family: Mulish; font-weight: bold;\" data-fusion-font=\"true\" data-fusion-google-font=\"Mulish\" data-fusion-google-variant=\"700\">SECOND FACILITIES<\/span><\/strong><br \/>\nIn 2021, the second complex \"The Revolution\" is inaugurated after two years of work.<\/p>\n<\/div><div class=\"fusion-text fusion-text-8 fusion-text-no-margin\" style=\"--awb-margin-top:0px;--awb-margin-bottom:0px;\"><p><strong style=\"color: #52baea;\"><span style=\"line-height: 22.6px; font-family: Mulish; font-weight: bold;\" data-fusion-font=\"true\" data-fusion-google-font=\"Mulish\" data-fusion-google-variant=\"700\">BIRTH OF YOURWORLD<\/span><\/strong><br \/>\nIn 2022, YourWorld imports its new concept here. It is based on the most recent technologies. These facilities blend into the urban landscape so as to appear invisible.<\/p>\n<\/div><\/div><\/div><div class=\"fusion-layout-column fusion_builder_column fusion-builder-column-2 fusion_builder_column_1_5 1_5 fusion-flex-column fusion-flex-align-self-center\" style=\"--awb-bg-size:cover;--awb-width-large:20%;--awb-margin-top-large:0px;--awb-spacing-right-large:9.6%;--awb-margin-bottom-large:0px;--awb-spacing-left-large:9.6%;--awb-width-medium:50%;--awb-order-medium:0;--awb-spacing-right-medium:3.84%;--awb-spacing-left-medium:3.84%;--awb-width-small:25%;--awb-order-small:0;--awb-spacing-right-small:7.68%;--awb-spacing-left-small:7.68%;\"><div class=\"fusion-column-wrapper fusion-column-has-shadow fusion-flex-justify-content-center fusion-content-layout-column\"><div class=\"fusion-image-element\" style=\"text-align:center;--awb-caption-title-font-family:var(--h2_typography-font-family);--awb-caption-title-font-weight:var(--h2_typography-font-weight);--awb-caption-title-font-style:var(--h2_typography-font-style);--awb-caption-title-size:var(--h2_typography-font-size);--awb-caption-title-transform:var(--h2_typography-text-transform);--awb-caption-title-line-height:var(--h2_typography-line-height);--awb-caption-title-letter-spacing:var(--h2_typography-letter-spacing);\"><span class=\"fusion-imageframe imageframe-none imageframe-1 hover-type-none\"><img decoding=\"async\" width=\"83\" height=\"1090\" title=\"Timeline-mobile\" src=\"https:\/\/yourworld-xp.com\/wp-content\/uploads\/2022\/08\/Timeline-mobile-1.png\" alt class=\"img-responsive wp-image-560\" srcset=\"https:\/\/yourworld-xp.com\/wp-content\/uploads\/2022\/08\/Timeline-mobile-1-1x12.png 1w, https:\/\/yourworld-xp.com\/wp-content\/uploads\/2022\/08\/Timeline-mobile-1-78x1024.png 78w, https:\/\/yourworld-xp.com\/wp-content\/uploads\/2022\/08\/Timeline-mobile-1.png 83w\" sizes=\"(max-width: 83px) 100vw, 83px\" \/><\/span><\/div><\/div><\/div><\/div><\/div><div class=\"fusion-fullwidth fullwidth-box fusion-builder-row-3 fusion-flex-container has-pattern-background has-mask-background nonhundred-percent-fullwidth non-hundred-percent-height-scrolling fusion-no-medium-visibility fusion-no-large-visibility\" style=\"--awb-border-radius-top-left:0px;--awb-border-radius-top-right:0px;--awb-border-radius-bottom-right:0px;--awb-border-radius-bottom-left:0px;--awb-padding-top:4%;--awb-padding-right:0px;--awb-padding-bottom:4%;--awb-padding-right-small:5%;--awb-background-color:#00112d;--awb-flex-wrap:wrap;\" ><div class=\"fusion-builder-row fusion-row fusion-flex-align-items-center fusion-flex-justify-content-center fusion-flex-content-wrap\" style=\"max-width:1331.2px;margin-left: calc(-4% \/ 2 );margin-right: calc(-4% \/ 2 );\"><div class=\"fusion-layout-column fusion_builder_column fusion-builder-column-3 fusion_builder_column_1_2 1_2 fusion-flex-column fusion-flex-align-self-center\" style=\"--awb-padding-right:8%;--awb-padding-bottom:0px;--awb-padding-right-small:0px;--awb-padding-left-small:0px;--awb-bg-size:cover;--awb-width-large:50%;--awb-margin-top-large:4%;--awb-spacing-right-large:0px;--awb-margin-bottom-large:4%;--awb-spacing-left-large:13.44%;--awb-width-medium:50%;--awb-order-medium:0;--awb-spacing-right-medium:0px;--awb-spacing-left-medium:13.44%;--awb-width-small:100%;--awb-order-small:0;--awb-spacing-right-small:4.8%;--awb-spacing-left-small:4.8%;\"><div class=\"fusion-column-wrapper fusion-column-has-shadow fusion-flex-justify-content-center fusion-content-layout-column\"><div class=\"fusion-title title fusion-title-2 fusion-sep-none fusion-title-text fusion-title-size-three\" style=\"--awb-text-color:#ffffff;--awb-margin-top-small:10px;--awb-margin-right-small:0px;--awb-margin-bottom-small:10px;--awb-margin-left-small:0px;\"><h3 class=\"fusion-title-heading title-heading-left\" style=\"margin:0;\">Our inheritance<\/h3><\/div><div class=\"fusion-separator fusion-full-width-sep\" style=\"align-self: center;margin-left: auto;margin-right: auto;margin-top:3%;width:100%;\"><\/div><div class=\"fusion-text fusion-text-9\"><p>At its creation, YourWorld relied on decades of innovations and discoveries. It is thanks to this experise and the revolutionary technologies that sprung forth from it that the androids that make our company famous were born.<\/p>\n<p>Over a few years, YourWorld has developed a new market: that of immersive technological event planning. It remained a leader thanks to a constant innovative strategy and calculated risk taking.<\/p>\n<p>However, our past is but the stepping stone that will allow us to move forward into a future for everyone. YourWorld\u2019s future is you!<\/p>\n<\/div><\/div><\/div><\/div><\/div><\/p>","protected":false},"excerpt":{"rendered":"","protected":false},"author":1,"featured_media":0,"parent":0,"menu_order":0,"comment_status":"closed","ping_status":"closed","template":"100-width.php","meta":{"footnotes":""},"class_list":["post-580","page","type-page","status-publish","hentry"],"_links":{"self":[{"href":"https:\/\/yourworld-xp.com\/en\/wp-json\/wp\/v2\/pages\/580","targetHints":{"allow":["GET"]}}],"collection":[{"href":"https:\/\/yourworld-xp.com\/en\/wp-json\/wp\/v2\/pages"}],"about":[{"href":"https:\/\/yourworld-xp.com\/en\/wp-json\/wp\/v2\/types\/page"}],"author":[{"embeddable":true,"href":"https:\/\/yourworld-xp.com\/en\/wp-json\/wp\/v2\/users\/1"}],"replies":[{"embeddable":true,"href":"https:\/\/yourworld-xp.com\/en\/wp-json\/wp\/v2\/comments?post=580"}],"version-history":[{"count":7,"href":"https:\/\/yourworld-xp.com\/en\/wp-json\/wp\/v2\/pages\/580\/revisions"}],"predecessor-version":[{"id":591,"href":"https:\/\/yourworld-xp.com\/en\/wp-json\/wp\/v2\/pages\/580\/revisions\/591"}],"wp:attachment":[{"href":"https:\/\/yourworld-xp.com\/en\/wp-json\/wp\/v2\/media?parent=580"}],"curies":[{"name":"wp","href":"https:\/\/api.w.org\/{rel}","templated":true}]}}